{"id":698,"date":"2025-09-09T16:16:04","date_gmt":"2025-09-09T14:16:04","guid":{"rendered":"https:\/\/sergipanizo.cat\/aviso-legal\/"},"modified":"2025-10-02T12:29:17","modified_gmt":"2025-10-02T10:29:17","slug":"aviso-legal","status":"publish","type":"page","link":"https:\/\/sergipanizo.cat\/es\/aviso-legal\/","title":{"rendered":"Aviso Legal"},"content":{"rendered":"\t\t<div data-elementor-type=\"wp-page\" data-elementor-id=\"698\" class=\"elementor elementor-698 elementor-631\" data-elementor-post-type=\"page\">\n\t\t\t\t<div class=\"elementor-element elementor-element-5b1f90a e-con-full e-flex e-con e-parent\" data-id=\"5b1f90a\" data-element_type=\"container\">\n\t\t\t\t<div class=\"elementor-element elementor-element-72143af elementor-widget elementor-widget-heading\" data-id=\"72143af\" data-element_type=\"widget\" data-widget_type=\"heading.default\">\n\t\t\t\t<div class=\"elementor-widget-container\">\n\t\t\t\t\t<h1 class=\"elementor-heading-title elementor-size-default\">AV\u00cdSO LEGAL<\/h1>\t\t\t\t<\/div>\n\t\t\t\t<\/div>\n\t\t\t\t<div class=\"elementor-element elementor-element-c47319d elementor-widget__width-initial elementor-widget elementor-widget-text-editor\" data-id=\"c47319d\" data-element_type=\"widget\" data-widget_type=\"text-editor.default\">\n\t\t\t\t<div class=\"elementor-widget-container\">\n\t\t\t\t\t\t\t\t\tAviso legal\nque ofrece Sergi Panizo a trav\u00e9s de la p\u00e1gina web https:\/\/sergipanizo.cat\/ (en adelante, el Sitio web). Le invitamos a leerlas atentamente ya consultarlas siempre que lo desee.\nPuede dirigirse a nosotros a la direcci\u00f3n de correo electr\u00f3nico sergipanizo@gmail.com. Estaremos encantados de atenderos.<br><br>\u00bfQuien somos?<br><br>La p\u00e1gina web https:\/\/sergipanizo.cat\/ (en adelante, el Sitio web) es un dominio de internet titularidad de Sergi Panizo. <br><br>Ponemos a su disposici\u00f3n el Sitio web para facilitarle el acceso a la informaci\u00f3n sobre nuestros servicios y para que, en su caso, pueda contactar con nosotros.\nAceptaci\u00f3n de las condiciones de uso\nNavegando por el Sitio web acepta plenamente todas y cada una de las condiciones legales expuestas en el Aviso legal, en la Pol\u00edtica de privacidad y en la Pol\u00edtica de cookies.\nPara adaptar los textos legales del Sitio Web a sus contenidos en cada momento, nos reservamos el derecho de realizar las modificaciones oportunas en el Aviso legal, en la Pol\u00edtica de Privacidad, en la Pol\u00edtica de cookies y en las Condiciones Generales.<br><br>Acceso al Sitio web e informaci\u00f3n sobre Sergi Panizo<br><br>El acceso al Sitio Web es totalmente gratuito y no requiere que el usuario se registre.\nEste sitio web tiene como objetivo fundamental la difusi\u00f3n de los servicios de Sergi Panizo, as\u00ed como facilitar informaci\u00f3n de la propia sociedad.\nA trav\u00e9s del Sitio web, le proporcionamos un medio de comunicaci\u00f3n para que pueda contactar con nosotros con el fin de recibir informaci\u00f3n de nuestros servicios que puedan ser de su inter\u00e9s, trabajar\/colaborar con nosotros, as\u00ed como para dar respuesta a consultas relacionadas con Sergi Panizo, por lo que velaremos por controlar que en todo momento la informaci\u00f3n que aparezca en el Sitio web sea veraz, precisa y acces.\nEste Sitio Web, por motivos de seguridad y para la protecci\u00f3n de la transmisi\u00f3n de contenidos confidenciales, utiliza un cifrado SSL o TLS. Podemos identificar que la conexi\u00f3n est\u00e1 cifrada porque la barra de direcci\u00f3n del navegador cambia de \u201chttp:\/\/\u201d a \u201chttps:\/\/\u201d y por el s\u00edmbolo de candado en la barra de direcci\u00f3n del navegador. Si est\u00e1 activado el cifrado SSL o TLS, los datos que nos transmita no podr\u00e1n ser le\u00eddos por terceros.\nSergi Panizo no puede garantizar la inexistencia de interrupciones o errores en el acceso al sitio web oa su contenido, ni que \u00e9ste se encuentre permanentemente actualizado, sin imprecisiones o inexactitudes. En cualquier caso, nos comprometemos a solucionar los posibles errores, interrupciones en la comunicaci\u00f3n y falta de actualizaci\u00f3n de estos contenidos lo antes posible.<br><br>Normas de uso<br><br>Queremos que nuestro Sitio Web sea un sitio agradable para todos. Por ello, al navegar por ella, se compromete a utilizarlo de conformidad con la ley, las buenas costumbres y las presentes Condiciones. Asimismo, garantice hacer un uso adecuado del contenido del Sitio Web ya no utilizarlo para llevar a cabo actividades il\u00edcitas o constitutivas de delito, que atenten contra los derechos de terceros o que infrinjan la regulaci\u00f3n sobre propiedad intelectual e industrial, o cualesquiera otras normas del ordenamiento jur\u00eddico aplicable.\nLa informaci\u00f3n que proporciona el Sitio Web se utilizar\u00e1 \u00fanicamente para los servicios que ofrece Sergi Panizo.\nEl usuario se obliga a utilizar la informaci\u00f3n contenida en el presente Sitio Web para sus propias necesidades exclusivamente ya no realizar directa o indirectamente ning\u00fan tipo de explotaci\u00f3n comercial de los contenidos y servicios a los que tiene acceso.<br><br>Como usuario del Sitio Web, reconoce y acepta que es el \u00fanico responsable de su uso, y de los servicios y contenidos accesibles a trav\u00e9s del Sitio Web.\nPor eso, entre otras actividades, el usuario se compromete a:\n1. No introducir o difundir contenidos de car\u00e1cter racista, xen\u00f3fobo, pornogr\u00e1fico, de apolog\u00eda del terrorismo o que atenten contra los derechos humanos.\n2. No introducir o difundir en la red programas de datos (virus y software nocivo) susceptibles de provocar da\u00f1os en los sistemas inform\u00e1ticos del proveedor de acceso, sus proveedores o terceros usuarios de la red de internet.\n3. No difundir, transmitir o poner a disposici\u00f3n de terceros cualquier tipo de informaci\u00f3n, elemento o contenido que atente contra los derechos fundamentales y las libertades p\u00fablicas reconocidos constitucionalmente y en los tratados internacionales.\n4. No difundir, transmitir o poner a disposici\u00f3n de terceros cualquier tipo de informaci\u00f3n, elemento o contenido que constituya publicidad il\u00edcita o desleal.\n5. No introducir o difundir cualquier informaci\u00f3n y contenidos falsos, ambiguos o inexactos de forma que induzca a error.\nEl usuario ser\u00e1 el \u00fanico responsable de los da\u00f1os o perjuicios que se produzcan a consecuencia de un incumplimiento por su parte.<br><br>Enlaces<br><br>Si desea enlazar el Sitio web a cualquier web, foro, chat, plataforma o red social, tiene la obligaci\u00f3n de indicar que no cuenta con nuestra supervisi\u00f3n o autorizaci\u00f3n. En ning\u00fan supuesto se permite enlazar el Sitio web desde webs, plataformas, foros, chats, blogs o redes sociales contrarias a la ley oa las buenas costumbres, en concreto desde aqu\u00e9llas con contenidos pornogr\u00e1ficos o que atenten contra los derechos humanos.\nEs importante aclarar que ning\u00fan enlace supone una vinculaci\u00f3n entre Sergi Panizo y el sitio desde el que vincule al Sitio Web, por lo que no somos responsables de los datos o contenidos que proporcionen.\nEste sitio web incluye enlaces a otras p\u00e1ginas web de terceros; Sergi Panizo no se hace responsable de las variaciones en relaci\u00f3n con las informaciones, servicios y contenido en general de estas p\u00e1ginas web.<br><br>Tiene presencia en otras plataformas y redes sociales\nComo podr\u00e1 comprobar en nuestro Sitio web, Sergi Panizo utiliza redes sociales y plataformas (Facebook, Instagram, Twitter, YouTube). Por favor, tenga en cuenta al acceder a cualquiera de estas redes o plataformas que las condiciones de uso aplicables son las que cada plataforma tiene establecidas, sobre las que no tenemos ning\u00fan tipo de control.\nPropiedad intelectual e industrial\nEl Sitio web y todos sus contenidos (entre los que se encuentran, a t\u00edtulo enunciativo y no limitativo, las marcas, logotipos, textos, fotograf\u00edas, iconos, im\u00e1genes, gr\u00e1ficos, tecnolog\u00eda, enlaces, contenidos audiovisuales o sonoros, etc., as\u00ed como el dise\u00f1o gr\u00e1fico, el c\u00f3digo fuente y otros elementos de software contenido en el presente Sitio web) intelectual e industrial, protegidos por la legislaci\u00f3n espa\u00f1ola. Por ello, si desea llevar a cabo actos de explotaci\u00f3n del Sitio Web o de sus contenidos (reproducirlos, transformarlos, comunicarlos, etc., m\u00e1s all\u00e1 de las actividades autorizadas por la Ley de propiedad intelectual) necesita obtener previamente nuestro consentimiento por escrito (los datos de contacto est\u00e1n en la cabecera del presente Aviso legal), con independencia de la presente. Asimismo queda prohibido eliminar los datos identificativos de Sergi Panizo como titular de los derechos de propiedad intelectual e industrial del Sitio Web o sus contenidos.<br><br>Por \u00faltimo, acepta conceder una licencia de uso gratuita, sin limitaci\u00f3n territorial y por la m\u00e1xima extensi\u00f3n temporal permitida por la Ley, sobre los contenidos que suba al Sitio Web por cualquier medio o canal.<br><br>La responsabilidad derivada del uso sin autorizaci\u00f3n de materiales protegidos por los derechos de propiedad intelectual e industrial contenidos en esta p\u00e1gina corresponder\u00e1 exclusivamente al usuario.\nEl hecho de que no le solicitemos que cese de llevar a cabo un uso il\u00edcito o contrario a las presentes condiciones de los Contenidos no puede ser entendido en ning\u00fan caso como un consentimiento o autorizaci\u00f3n para dicho uso. Tampoco constituye una renuncia al ejercicio de las acciones legales que pudieran correspondernos.<br><br>Responsabilidades por el funcionamiento de la web<br><br>Es importante que recuerde que le corresponde tener disponibles las herramientas para la detenci\u00f3n y desinfecci\u00f3n de programas inform\u00e1ticos nocivos. Aunque Sergi Panizo se esfuerza por mantener el Sitio web libre de virus, gusanos o cualquier otro elemento inform\u00e1tico nocivo, no podemos garantizar su ausencia completa.\nAsimismo, Sergi Panizo no se responsabiliza de los da\u00f1os producidos en el software y equipos inform\u00e1ticos de los usuarios durante la utilizaci\u00f3n de los servicios ofrecidos en el Sitio Web, ni de los da\u00f1os o perjuicios de cualquier tipo que le sean causados \u200b\u200bque lleven causa de fallos o desconexiones en las redes de telecomunicaciones que produzcan la suspensi\u00f3n, cancelaci\u00f3n o interrupci\u00f3n del servicio.\nCumple con la legalidad en materia de responsabilidades\nSergi Panizo vela por la exactitud de los datos publicados en el Sitio Web. Por favor, si detecta alg\u00fan error, p\u00f3ngase en contacto con nosotros en la direcci\u00f3n de correo electr\u00f3nico sergipanizo@gmail.com\nSin embargo, ya pesar de nuestros esfuerzos, internet no es un medio inexpugnable, por lo que no podemos garantizar que los contenidos e informaciones se muestren siempre actualizados en su \u00faltima versi\u00f3n. Siempre que sea posible, le informaremos de cualquier interrupci\u00f3n que afecte a la informaci\u00f3n mostrada en el Sitio Web. Asimismo, Roser Fit\u00e9 no ser\u00e1 responsable del error en el acceso a diferentes p\u00e1ginas del Sitio Web, cuando \u00e9stos sean causados \u200b\u200bpor motivos que se encuentren fuera de nuestro control.<br><br>Sergi Panizo no ser\u00e1 responsable del mal uso que los usuarios del Sitio Web puedan hacer del Sitio Web o de sus contenidos, ni de los usos que sean contrarios a la buena fe, a la legalidad o al presente Aviso legal. Asimismo, Sergi Panizo declina cualquier responsabilidad derivada de la infracci\u00f3n de derechos de propiedad intelectual de cualquier clase por los usuarios.\nTampoco podemos controlar ni gestionar la integridad, el funcionamiento y la veracidad de los enlaces que puedan aparecer en el Sitio Web en sitios de internet que no son de nuestra titularidad. Por eso, declinamos cualquier responsabilidad.<br><br>Duraci\u00f3n de las condiciones de uso\nPara adaptar el texto legal a la realidad del Sitio web, nos reservamos el derecho de modificarlo o actualizarlo en cualquier momento, por lo que le recomendamos consultarlo con frecuencia.\nSi cualquier cl\u00e1usula incluida en el presente Aviso legal fuese declarada total o parcialmente nula o ineficaz, tal nulidad o ineficacia s\u00f3lo afectar\u00e1 a esta cl\u00e1usula oa la parte de la misma que sea nula o ineficaz, y el presente Aviso Legal subsistir\u00e1 en todo lo dem\u00e1s.<br><br>Le invitamos a comunicar cualquier comentario o duda\nPonemos a su disposici\u00f3n el correo electr\u00f3nico sergipanizo@gmail.com para que lo utilice siempre que tenga alguna duda, consulta o comentario, tanto del contenido de la web, como en relaci\u00f3n con sus t\u00e9rminos legales.\nAsimismo, si detecta alg\u00fan error en la informaci\u00f3n ofrecida o en la configuraci\u00f3n, actualizaci\u00f3n y contenido del Sitio Web, le agradecer\u00edamos que lo ponga en conocimiento de Sergi Panizo en la direcci\u00f3n anteriormente referida.<br><br>Normativa aplicable y jurisdicci\u00f3n<br><br>Las presentes Condiciones se regir\u00e1n y se interpretar\u00e1n de acuerdo con la legislaci\u00f3n espa\u00f1ola, al igual que la resoluci\u00f3n de cualquier controversia o divergencia relacionada con el presente Sitio Web. El uso de los servicios del presente Sitio Web supone la aceptaci\u00f3n expresa de la jurisdicci\u00f3n espa\u00f1ola.\nAsimismo, las partes acuerdan que cualquier litigio, discrepancia, cuesti\u00f3n o reclamaci\u00f3n resultante de la ejecuci\u00f3n e interpretaci\u00f3n de las presentes condiciones o que est\u00e9n relacionadas, o de otros textos que pueda haber en el presente Sitio Web, se resolver\u00e1 en los Juzgados y Tribunales de Barcelona con renuncia expresa a cualquier otro derecho o demarcaci\u00f3n jurisdiccional que pueda ser competente ( preferente el puesto designado en la legislaci\u00f3n aplicable).\n\n\t\t\t\t\t\t\t\t<\/div>\n\t\t\t\t<\/div>\n\t\t\t\t<\/div>\n\t\t\t\t<\/div>\n\t\t","protected":false},"excerpt":{"rendered":"<p>AV\u00cdSO LEGAL Aviso legal que ofrece Sergi Panizo a trav\u00e9s de la p\u00e1gina web https:\/\/sergipanizo.cat\/ (en adelante, el Sitio web). Le invitamos a leerlas atentamente ya consultarlas siempre que lo desee. Puede dirigirse a nosotros a la direcci\u00f3n de correo electr\u00f3nico sergipanizo@gmail.com. Estaremos encantados de atenderos. \u00bfQuien somos? La p\u00e1gina web https:\/\/sergipanizo.cat\/ (en adelante, el [&hellip;]<\/p>\n","protected":false},"author":1,"featured_media":0,"parent":0,"menu_order":0,"comment_status":"closed","ping_status":"closed","template":"","meta":{"footnotes":""},"folder":[],"class_list":["post-698","page","type-page","status-publish","hentry"],"yoast_head":"<!-- This site is optimized with the Yoast SEO plugin v25.2 - https:\/\/yoast.com\/wordpress\/plugins\/seo\/ -->\n<title>Aviso Legal - Sergi Panizo<\/title>\n<meta name=\"robots\" content=\"index, follow, max-snippet:-1, max-image-preview:large, max-video-preview:-1\" \/>\n<link rel=\"canonical\" href=\"https:\/\/sergipanizo.cat\/es\/aviso-legal\/\" \/>\n<meta property=\"og:locale\" content=\"es_ES\" \/>\n<meta property=\"og:type\" content=\"article\" \/>\n<meta property=\"og:title\" content=\"Aviso Legal - Sergi Panizo\" \/>\n<meta property=\"og:description\" content=\"AV\u00cdSO LEGAL Aviso legal que ofrece Sergi Panizo a trav\u00e9s de la p\u00e1gina web https:\/\/sergipanizo.cat\/ (en adelante, el Sitio web). Le invitamos a leerlas atentamente ya consultarlas siempre que lo desee. Puede dirigirse a nosotros a la direcci\u00f3n de correo electr\u00f3nico sergipanizo@gmail.com. Estaremos encantados de atenderos. \u00bfQuien somos? La p\u00e1gina web https:\/\/sergipanizo.cat\/ (en adelante, el [&hellip;]\" \/>\n<meta property=\"og:url\" content=\"https:\/\/sergipanizo.cat\/es\/aviso-legal\/\" \/>\n<meta property=\"og:site_name\" content=\"Sergi Panizo\" \/>\n<meta property=\"article:modified_time\" content=\"2025-10-02T10:29:17+00:00\" \/>\n<meta name=\"twitter:card\" content=\"summary_large_image\" \/>\n<meta name=\"twitter:label1\" content=\"Est. reading time\" \/>\n\t<meta name=\"twitter:data1\" content=\"10 minutes\" \/>\n<script type=\"application\/ld+json\" class=\"yoast-schema-graph\">{\"@context\":\"https:\/\/schema.org\",\"@graph\":[{\"@type\":\"WebPage\",\"@id\":\"https:\/\/sergipanizo.cat\/es\/aviso-legal\/\",\"url\":\"https:\/\/sergipanizo.cat\/es\/aviso-legal\/\",\"name\":\"Aviso Legal - Sergi Panizo\",\"isPartOf\":{\"@id\":\"https:\/\/sergipanizo.cat\/es\/#website\"},\"datePublished\":\"2025-09-09T14:16:04+00:00\",\"dateModified\":\"2025-10-02T10:29:17+00:00\",\"breadcrumb\":{\"@id\":\"https:\/\/sergipanizo.cat\/es\/aviso-legal\/#breadcrumb\"},\"inLanguage\":\"ES\",\"potentialAction\":[{\"@type\":\"ReadAction\",\"target\":[\"https:\/\/sergipanizo.cat\/es\/aviso-legal\/\"]}]},{\"@type\":\"BreadcrumbList\",\"@id\":\"https:\/\/sergipanizo.cat\/es\/aviso-legal\/#breadcrumb\",\"itemListElement\":[{\"@type\":\"ListItem\",\"position\":1,\"name\":\"Inici\",\"item\":\"https:\/\/sergipanizo.cat\/es\/\"},{\"@type\":\"ListItem\",\"position\":2,\"name\":\"Aviso Legal\"}]},{\"@type\":\"WebSite\",\"@id\":\"https:\/\/sergipanizo.cat\/es\/#website\",\"url\":\"https:\/\/sergipanizo.cat\/es\/\",\"name\":\"Sergi Panizo\",\"description\":\"Una mirada esc\u00e8nica\",\"publisher\":{\"@id\":\"https:\/\/sergipanizo.cat\/es\/#organization\"},\"potentialAction\":[{\"@type\":\"SearchAction\",\"target\":{\"@type\":\"EntryPoint\",\"urlTemplate\":\"https:\/\/sergipanizo.cat\/es\/?s={search_term_string}\"},\"query-input\":{\"@type\":\"PropertyValueSpecification\",\"valueRequired\":true,\"valueName\":\"search_term_string\"}}],\"inLanguage\":\"ES\"},{\"@type\":\"Organization\",\"@id\":\"https:\/\/sergipanizo.cat\/es\/#organization\",\"name\":\"Sergi Panizo\",\"url\":\"https:\/\/sergipanizo.cat\/es\/\",\"logo\":{\"@type\":\"ImageObject\",\"inLanguage\":\"ES\",\"@id\":\"https:\/\/sergipanizo.cat\/es\/#\/schema\/logo\/image\/\",\"url\":\"https:\/\/sergipanizo.cat\/wp-content\/uploads\/2025\/06\/logo_2020_blanc.png\",\"contentUrl\":\"https:\/\/sergipanizo.cat\/wp-content\/uploads\/2025\/06\/logo_2020_blanc.png\",\"width\":1087,\"height\":1933,\"caption\":\"Sergi Panizo\"},\"image\":{\"@id\":\"https:\/\/sergipanizo.cat\/es\/#\/schema\/logo\/image\/\"}}]}<\/script>\n<!-- \/ Yoast SEO plugin. -->","yoast_head_json":{"title":"Aviso Legal - Sergi Panizo","robots":{"index":"index","follow":"follow","max-snippet":"max-snippet:-1","max-image-preview":"max-image-preview:large","max-video-preview":"max-video-preview:-1"},"canonical":"https:\/\/sergipanizo.cat\/es\/aviso-legal\/","og_locale":"es_ES","og_type":"article","og_title":"Aviso Legal - Sergi Panizo","og_description":"AV\u00cdSO LEGAL Aviso legal que ofrece Sergi Panizo a trav\u00e9s de la p\u00e1gina web https:\/\/sergipanizo.cat\/ (en adelante, el Sitio web). Le invitamos a leerlas atentamente ya consultarlas siempre que lo desee. Puede dirigirse a nosotros a la direcci\u00f3n de correo electr\u00f3nico sergipanizo@gmail.com. Estaremos encantados de atenderos. \u00bfQuien somos? La p\u00e1gina web https:\/\/sergipanizo.cat\/ (en adelante, el [&hellip;]","og_url":"https:\/\/sergipanizo.cat\/es\/aviso-legal\/","og_site_name":"Sergi Panizo","article_modified_time":"2025-10-02T10:29:17+00:00","twitter_card":"summary_large_image","twitter_misc":{"Est. reading time":"10 minutes"},"schema":{"@context":"https:\/\/schema.org","@graph":[{"@type":"WebPage","@id":"https:\/\/sergipanizo.cat\/es\/aviso-legal\/","url":"https:\/\/sergipanizo.cat\/es\/aviso-legal\/","name":"Aviso Legal - Sergi Panizo","isPartOf":{"@id":"https:\/\/sergipanizo.cat\/es\/#website"},"datePublished":"2025-09-09T14:16:04+00:00","dateModified":"2025-10-02T10:29:17+00:00","breadcrumb":{"@id":"https:\/\/sergipanizo.cat\/es\/aviso-legal\/#breadcrumb"},"inLanguage":"ES","potentialAction":[{"@type":"ReadAction","target":["https:\/\/sergipanizo.cat\/es\/aviso-legal\/"]}]},{"@type":"BreadcrumbList","@id":"https:\/\/sergipanizo.cat\/es\/aviso-legal\/#breadcrumb","itemListElement":[{"@type":"ListItem","position":1,"name":"Inici","item":"https:\/\/sergipanizo.cat\/es\/"},{"@type":"ListItem","position":2,"name":"Aviso Legal"}]},{"@type":"WebSite","@id":"https:\/\/sergipanizo.cat\/es\/#website","url":"https:\/\/sergipanizo.cat\/es\/","name":"Sergi Panizo","description":"Una mirada esc\u00e8nica","publisher":{"@id":"https:\/\/sergipanizo.cat\/es\/#organization"},"potentialAction":[{"@type":"SearchAction","target":{"@type":"EntryPoint","urlTemplate":"https:\/\/sergipanizo.cat\/es\/?s={search_term_string}"},"query-input":{"@type":"PropertyValueSpecification","valueRequired":true,"valueName":"search_term_string"}}],"inLanguage":"ES"},{"@type":"Organization","@id":"https:\/\/sergipanizo.cat\/es\/#organization","name":"Sergi Panizo","url":"https:\/\/sergipanizo.cat\/es\/","logo":{"@type":"ImageObject","inLanguage":"ES","@id":"https:\/\/sergipanizo.cat\/es\/#\/schema\/logo\/image\/","url":"https:\/\/sergipanizo.cat\/wp-content\/uploads\/2025\/06\/logo_2020_blanc.png","contentUrl":"https:\/\/sergipanizo.cat\/wp-content\/uploads\/2025\/06\/logo_2020_blanc.png","width":1087,"height":1933,"caption":"Sergi Panizo"},"image":{"@id":"https:\/\/sergipanizo.cat\/es\/#\/schema\/logo\/image\/"}}]}},"_links":{"self":[{"href":"https:\/\/sergipanizo.cat\/es\/wp-json\/wp\/v2\/pages\/698","targetHints":{"allow":["GET"]}}],"collection":[{"href":"https:\/\/sergipanizo.cat\/es\/wp-json\/wp\/v2\/pages"}],"about":[{"href":"https:\/\/sergipanizo.cat\/es\/wp-json\/wp\/v2\/types\/page"}],"author":[{"embeddable":true,"href":"https:\/\/sergipanizo.cat\/es\/wp-json\/wp\/v2\/users\/1"}],"replies":[{"embeddable":true,"href":"https:\/\/sergipanizo.cat\/es\/wp-json\/wp\/v2\/comments?post=698"}],"version-history":[{"count":1,"href":"https:\/\/sergipanizo.cat\/es\/wp-json\/wp\/v2\/pages\/698\/revisions"}],"predecessor-version":[{"id":699,"href":"https:\/\/sergipanizo.cat\/es\/wp-json\/wp\/v2\/pages\/698\/revisions\/699"}],"wp:attachment":[{"href":"https:\/\/sergipanizo.cat\/es\/wp-json\/wp\/v2\/media?parent=698"}],"wp:term":[{"taxonomy":"folder","embeddable":true,"href":"https:\/\/sergipanizo.cat\/es\/wp-json\/wp\/v2\/folder?post=698"}],"curies":[{"name":"wp","href":"https:\/\/api.w.org\/{rel}","templated":true}]}}